{"id":1423,"date":"2017-06-23T14:16:06","date_gmt":"2017-06-23T12:16:06","guid":{"rendered":"https:\/\/tbwresearch.wh-i.at\/?page_id=1423"},"modified":"2023-07-21T11:55:43","modified_gmt":"2023-07-21T09:55:43","slug":"geschaeftsfuehrung-und-partnerinnen","status":"publish","type":"page","link":"https:\/\/tbwresearch.org\/en\/geschaeftsfuehrung-und-partnerinnen\/","title":{"rendered":"Managing Director and Partners"},"content":{"rendered":"[vc_row][vc_column]<div class=\"vcex-spacing\" style=\"height:40px\"><\/div>[\/vc_column][\/vc_row][vc_row][vc_column]<div class=\"vcex-staff-grid-wrap clr\"><div class=\"wpex-row vcex-staff-grid entries wpex-clr gap-5 match-height-grid\" data-transition-duration=\"0.0\"><div class=\"staff-entry span_1_of_5 col col-1 entry type-staff has-media cat-43 cat-45 cat-59 cat-60 cat-61 cat-44\"><div class=\"staff-entry-inner entry-inner clr\"><div class=\"staff-entry-media entry-media wpex-clr\"><a href=\"https:\/\/tbwresearch.org\/en\/staff-member\/dieter-schlagbauer\/\" title=\"Dieter Schlagbauer\" class=\"staff-entry-media-link\"><img loading=\"lazy\" decoding=\"async\" src=\"https:\/\/tbwresearch.org\/wp-content\/uploads\/2023\/07\/IMG-9252_bearbeitet_3_2.jpg\" width=\"1509\" height=\"2264\" alt=\"Dieter Schlagbauer\" \/><\/a><\/div><div class=\"staff-entry-details entry-details wpex-clr\"><div class=\"match-height-content\"><h5 class=\"staff-entry-title entry-title\"><a href=\"https:\/\/tbwresearch.org\/en\/staff-member\/dieter-schlagbauer\/\" title=\"Dieter Schlagbauer\" data-type=\"inline\" >Dieter Schlagbauer<\/a><\/h5><div class=\"staff-entry-position\">Managing Director &amp; Construction Management Expert<\/div><\/div><\/div><\/div><\/div><div class=\"staff-entry span_1_of_5 col col-2 entry type-staff has-media cat-59 cat-61 cat-44\"><div class=\"staff-entry-inner entry-inner clr\"><div class=\"staff-entry-media entry-media wpex-clr\"><a href=\"https:\/\/tbwresearch.org\/en\/staff-member\/konrad-gornik\/\" title=\"Konrad Gornik\" class=\"staff-entry-media-link\"><img loading=\"lazy\" decoding=\"async\" src=\"https:\/\/tbwresearch.org\/wp-content\/uploads\/2017\/06\/KonradGornik-5774_\u00a9Bernadette-Reiter.jpg\" width=\"1024\" height=\"1536\" alt=\"Konrad Gornik\" \/><\/a><\/div><div class=\"staff-entry-details entry-details wpex-clr\"><div class=\"match-height-content\"><h5 class=\"staff-entry-title entry-title\"><a href=\"https:\/\/tbwresearch.org\/en\/staff-member\/konrad-gornik\/\" title=\"Konrad Gornik\" data-type=\"inline\" >Konrad Gornik<\/a><\/h5><div class=\"staff-entry-position\">Partner & Construction Economics and Civil Engineering Expert<\/div><\/div><\/div><\/div><\/div><div class=\"staff-entry span_1_of_5 col col-3 entry type-staff has-media cat-59 cat-61 cat-44\"><div class=\"staff-entry-inner entry-inner clr\"><div class=\"staff-entry-media entry-media wpex-clr\"><a href=\"https:\/\/tbwresearch.org\/en\/staff-member\/andreas-helbl\/\" title=\"Andreas Helbl\" class=\"staff-entry-media-link\"><img loading=\"lazy\" decoding=\"async\" src=\"https:\/\/tbwresearch.org\/wp-content\/uploads\/2017\/06\/Andreas-5718_\u00a9Bernadette-Reiter.jpg\" width=\"1024\" height=\"1536\" alt=\"Andreas Helbl\" \/><\/a><\/div><div class=\"staff-entry-details entry-details wpex-clr\"><div class=\"match-height-content\"><h5 class=\"staff-entry-title entry-title\"><a href=\"https:\/\/tbwresearch.org\/en\/staff-member\/andreas-helbl\/\" title=\"Andreas Helbl\" data-type=\"inline\" >Andreas Helbl<\/a><\/h5><div class=\"staff-entry-position\">Gesch\u00e4ftsf\u00fchrer &amp; Experte f\u00fcr Energie und Umwelt<\/div><\/div><\/div><\/div><\/div><div class=\"staff-entry span_1_of_5 col col-4 entry type-staff has-media cat-43 cat-59 cat-60 cat-61\"><div class=\"staff-entry-inner entry-inner clr\"><div class=\"staff-entry-media entry-media wpex-clr\"><a href=\"https:\/\/tbwresearch.org\/en\/staff-member\/roland-hackl\/\" title=\"Roland Hackl\" class=\"staff-entry-media-link\"><img loading=\"lazy\" decoding=\"async\" src=\"https:\/\/tbwresearch.org\/wp-content\/uploads\/2017\/06\/Roland-5725_\u00a9Bernadette-Reiter.jpg\" width=\"1417\" height=\"2126\" alt=\"Roland Hackl\" \/><\/a><\/div><div class=\"staff-entry-details entry-details wpex-clr\"><div class=\"match-height-content\"><h5 class=\"staff-entry-title entry-title\"><a href=\"https:\/\/tbwresearch.org\/en\/staff-member\/roland-hackl\/\" title=\"Roland Hackl\" data-type=\"inline\" >Roland Hackl<\/a><\/h5><div class=\"staff-entry-position\">Gesch\u00e4ftsf\u00fchrer &amp; Experte f\u00fcr Mobilit\u00e4t &amp; Raumplanung<\/div><\/div><\/div><\/div><\/div><\/div><div id=\"fullcontent\" style=\"display: block; position:absolute; top: -15000px;\"><div ><div style=\"display: block;\" id=\"lightdieter-schlagbauer\"><div>\r\n        \t\t<span class=\"staff-info-key\">Funktion<\/span>\r\n        \t\t<span class=\"staff-info-value\">Managing Director & Construction Management Expert<\/span>\r\n\t\t\t<\/div><div>\r\n        \t\t<span class=\"staff-info-key\">Beruf<\/span>\r\n        \t\t<span class=\"staff-info-value\">Construction Management Expert<\/span>\r\n\t\t\t<\/div><div>\r\n        \t\t<span class=\"staff-info-key\">Ausbildung<\/span>\r\n        \t\t<span class=\"staff-info-value\">Doctorate (Graz University of Technology), Master Programme in construction management and civil engineering sciences (Graz University of Technology)<\/span>\r\n\t\t\t<\/div><div>\r\n        \t\t<span class=\"staff-info-key\">Aufgabe<\/span>\r\n        \t\t<span class=\"staff-info-value\">- Schedule and Cost Management<\/br>\r\n- Process Management<\/br>\r\n- Project Management<\/br>\r\n<\/span>\r\n\t\t\t<\/div><div>\r\n        \t\t<span class=\"staff-info-key\">Geburtsjahr<\/span>\r\n        \t\t<span class=\"staff-info-value\">xxxx<\/span>\r\n\t\t\t<\/div><div>\r\n        \t\t<span class=\"staff-info-key\">L\u00e4nder-Know-How<\/span>\r\n        \t\t<span class=\"staff-info-value\">+43 664 60169472 <\/br> d.schlagbauer(at)tbwresearch.org<\/span>\r\n\t\t\t<\/div><\/div><div style=\"display: block;\" id=\"lightkonrad-gornik\"><div>\r\n        \t\t<span class=\"staff-info-key\">Funktion<\/span>\r\n        \t\t<span class=\"staff-info-value\">[:en]Partner & Construction Economics and Civil Engineering Expert[:de]Partner & Experte f\u00fcr Bauwirtschaft und -technik[:]<\/span>\r\n\t\t\t<\/div><div>\r\n        \t\t<span class=\"staff-info-key\">Beruf<\/span>\r\n        \t\t<span class=\"staff-info-value\">[:en]Partner[:de]Ziviltechniker f\u00fcr Bauwesen und Bauingenieur[:]<\/span>\r\n\t\t\t<\/div><div>\r\n        \t\t<span class=\"staff-info-key\">Ausbildung<\/span>\r\n        \t\t<span class=\"staff-info-value\">[:en]Doctorate (Vienna University of Technology), Master Programme in civil engineering (Vienna University of Technology), Civil Engineer Examination for Civil Engineering[:de]Doktorat (TU Wien), Diplomingenieur f\u00fcr Bauwesen (TU Wien), Ziviltechnikerpr\u00fcfung im Fachgebiet Bauingeneurwesen, Bef\u00e4higungspr\u00fcfung Immobilientreuh\u00e4nder (Bautr\u00e4ger)[:]<\/span>\r\n\t\t\t<\/div><div>\r\n        \t\t<span class=\"staff-info-key\">Aufgabe<\/span>\r\n        \t\t<span class=\"staff-info-value\">[:en]-  Project Management<\/br>\r\n-  Project Monitoring<\/br>\r\n-  Technical Due Diligence<\/br>\r\n-  Schedule and Cost Management<\/br>\r\n-  Facility Management<\/br>\r\n-  Process Management<\/br>\r\n-  Site Supervision[:de]-  Projektmanagement <\/br>\r\n-  Begleitende Kontrolle <\/br>\r\n-  Technische Due Diligence <\/br>\r\n-  Termin- und Kostenmanagement <\/br>\r\n-  Facility Management <\/br>\r\n-  Prozessmanagement <\/br>\r\n-  \u00d6rtliche Bau\u00fcberwachung[:]<\/span>\r\n\t\t\t<\/div><div>\r\n        \t\t<span class=\"staff-info-key\">Geburtsjahr<\/span>\r\n        \t\t<span class=\"staff-info-value\">xxxx<\/span>\r\n\t\t\t<\/div><div>\r\n        \t\t<span class=\"staff-info-key\">L\u00e4nder-Know-How<\/span>\r\n        \t\t<span class=\"staff-info-value\">[:en]-[:]<\/span>\r\n\t\t\t<\/div><\/div><div style=\"display: block;\" id=\"lightandreas-helbl\"><div>\r\n        \t\t<span class=\"staff-info-key\">Funktion<\/span>\r\n        \t\t<span class=\"staff-info-value\">Gesch\u00e4ftsf\u00fchrer & Experte f\u00fcr Energie und Umwelt<\/span>\r\n\t\t\t<\/div><div>\r\n        \t\t<span class=\"staff-info-key\">Beruf<\/span>\r\n        \t\t<span class=\"staff-info-value\">Gesellschafter & Gesch\u00e4ftsf\u00fchrer<\/span>\r\n\t\t\t<\/div><div>\r\n        \t\t<span class=\"staff-info-key\">Ausbildung<\/span>\r\n        \t\t<span class=\"staff-info-value\">Ingenieur f\u00fcr Bautechnik und Umwelttechnik (HTL M\u00f6dling)<\/span>\r\n\t\t\t<\/div><div>\r\n        \t\t<span class=\"staff-info-key\">Aufgabe<\/span>\r\n        \t\t<span class=\"staff-info-value\">-  Teamorganisation und -f\u00fchrung <\/br>\r\n-  Abwicklung multinationaler und interdisziplin\u00e4rer Projekte <\/br>\r\n-  Technisch-wirtschaftliche Projektbeurteilung <\/br>\r\n-  Projektentwicklung und Akquisition im Bereich erneuerbare Energie und Infrastruktur <\/br>\r\n-  Fachexperte f\u00fcr erneuerbare Energietr\u00e4ger <\/br>\r\n-  Projektmanagement<\/span>\r\n\t\t\t<\/div><div>\r\n        \t\t<span class=\"staff-info-key\">Geburtsjahr<\/span>\r\n        \t\t<span class=\"staff-info-value\">xxxx<\/span>\r\n\t\t\t<\/div><div>\r\n        \t\t<span class=\"staff-info-key\">L\u00e4nder-Know-How<\/span>\r\n        \t\t<span class=\"staff-info-value\">-<\/span>\r\n\t\t\t<\/div><\/div><div style=\"display: block;\" id=\"lightroland-hackl\"><div>\r\n        \t\t<span class=\"staff-info-key\">Funktion<\/span>\r\n        \t\t<span class=\"staff-info-value\">Gesch\u00e4ftsf\u00fchrer & Experte f\u00fcr Mobilit\u00e4t & Raumplanung<\/span>\r\n\t\t\t<\/div><div>\r\n        \t\t<span class=\"staff-info-key\">Beruf<\/span>\r\n        \t\t<span class=\"staff-info-value\">Gesch\u00e4ftsf\u00fchrer & Projektleiter<\/span>\r\n\t\t\t<\/div><div>\r\n        \t\t<span class=\"staff-info-key\">Ausbildung<\/span>\r\n        \t\t<span class=\"staff-info-value\">Diplomingenieur in Raumplanung und Raumordnung (TU Wien)<\/span>\r\n\t\t\t<\/div><div>\r\n        \t\t<span class=\"staff-info-key\">Geburtsjahr<\/span>\r\n        \t\t<span class=\"staff-info-value\">xxxx<\/span>\r\n\t\t\t<\/div><div>\r\n        \t\t<span class=\"staff-info-key\">L\u00e4nder-Know-How<\/span>\r\n        \t\t<span class=\"staff-info-value\">r.hackl(at)tbwresearch.org<\/span>\r\n\t\t\t<\/div><\/div><\/div><\/div><\/div>[\/vc_column][\/vc_row]\n","protected":false},"excerpt":{"rendered":"<p>[vc_row][vc_column][\/vc_column][\/vc_row][vc_row][vc_column][\/vc_column][\/vc_row]<\/p>\n","protected":false},"author":7,"featured_media":0,"parent":0,"menu_order":0,"comment_status":"closed","ping_status":"closed","template":"","meta":{"_acf_changed":false,"footnotes":""},"class_list":["post-1423","page","type-page","status-publish","hentry","entry","has-media"],"acf":[],"yoast_head":"<!-- This site is optimized with the Yoast SEO plugin v26.2 - https:\/\/yoast.com\/wordpress\/plugins\/seo\/ -->\n<title>Managing Director and Partners - tbw research.<\/title>\n<meta name=\"robots\" content=\"index, follow, max-snippet:-1, max-image-preview:large, max-video-preview:-1\" \/>\n<link rel=\"canonical\" href=\"https:\/\/tbwresearch.org\/geschaeftsfuehrung-und-partnerinnen\/\" \/>\n<meta property=\"og:locale\" content=\"en_US\" \/>\n<meta property=\"og:type\" content=\"article\" \/>\n<meta property=\"og:title\" content=\"Managing Director and Partners\" \/>\n<meta property=\"og:description\" content=\"[vc_row][vc_column][\/vc_column][\/vc_row][vc_row][vc_column][\/vc_column][\/vc_row]\" \/>\n<meta property=\"og:url\" content=\"https:\/\/tbwresearch.org\/geschaeftsfuehrung-und-partnerinnen\/\" \/>\n<meta property=\"og:site_name\" content=\"tbw research.\" \/>\n<meta property=\"article:modified_time\" content=\"2023-07-21T09:55:43+00:00\" \/>\n<meta name=\"twitter:card\" content=\"summary_large_image\" \/>\n<meta name=\"twitter:label1\" content=\"Est. reading time\" \/>\n\t<meta name=\"twitter:data1\" content=\"1 minute\" \/>\n<script type=\"application\/ld+json\" class=\"yoast-schema-graph\">{\"@context\":\"https:\/\/schema.org\",\"@graph\":[{\"@type\":\"WebPage\",\"@id\":\"https:\/\/tbwresearch.org\/geschaeftsfuehrung-und-partnerinnen\/\",\"url\":\"https:\/\/tbwresearch.org\/geschaeftsfuehrung-und-partnerinnen\/\",\"name\":\"[:en]Managing Director and Partners[:de]Gesch\u00e4ftsf\u00fchrung und PartnerInnen[:] - tbw research.\",\"isPartOf\":{\"@id\":\"https:\/\/tbwresearch.org\/#website\"},\"datePublished\":\"2017-06-23T12:16:06+00:00\",\"dateModified\":\"2023-07-21T09:55:43+00:00\",\"breadcrumb\":{\"@id\":\"https:\/\/tbwresearch.org\/geschaeftsfuehrung-und-partnerinnen\/#breadcrumb\"},\"inLanguage\":\"en-US\",\"potentialAction\":[{\"@type\":\"ReadAction\",\"target\":[\"https:\/\/tbwresearch.org\/geschaeftsfuehrung-und-partnerinnen\/\"]}]},{\"@type\":\"BreadcrumbList\",\"@id\":\"https:\/\/tbwresearch.org\/geschaeftsfuehrung-und-partnerinnen\/#breadcrumb\",\"itemListElement\":[{\"@type\":\"ListItem\",\"position\":1,\"name\":\"Startseite\",\"item\":\"https:\/\/tbwresearch.org\/\"},{\"@type\":\"ListItem\",\"position\":2,\"name\":\"Gesch\u00e4ftsf\u00fchrung und PartnerInnen\"}]},{\"@type\":\"WebSite\",\"@id\":\"https:\/\/tbwresearch.org\/#website\",\"url\":\"https:\/\/tbwresearch.org\/\",\"name\":\"tbw research.\",\"description\":\"the better way research\",\"potentialAction\":[{\"@type\":\"SearchAction\",\"target\":{\"@type\":\"EntryPoint\",\"urlTemplate\":\"https:\/\/tbwresearch.org\/?s={search_term_string}\"},\"query-input\":{\"@type\":\"PropertyValueSpecification\",\"valueRequired\":true,\"valueName\":\"search_term_string\"}}],\"inLanguage\":\"en-US\"}]}<\/script>\n<!-- \/ Yoast SEO plugin. -->","yoast_head_json":{"title":"Managing Director and Partners - tbw research.","robots":{"index":"index","follow":"follow","max-snippet":"max-snippet:-1","max-image-preview":"max-image-preview:large","max-video-preview":"max-video-preview:-1"},"canonical":"https:\/\/tbwresearch.org\/geschaeftsfuehrung-und-partnerinnen\/","og_locale":"en_US","og_type":"article","og_title":"[:en]Managing Director and Partners[:de]Gesch\u00e4ftsf\u00fchrung und PartnerInnen[:] - tbw research.","og_description":"[vc_row][vc_column][\/vc_column][\/vc_row][vc_row][vc_column][\/vc_column][\/vc_row]","og_url":"https:\/\/tbwresearch.org\/geschaeftsfuehrung-und-partnerinnen\/","og_site_name":"tbw research.","article_modified_time":"2023-07-21T09:55:43+00:00","twitter_card":"summary_large_image","twitter_misc":{"Est. reading time":"1 minute"},"schema":{"@context":"https:\/\/schema.org","@graph":[{"@type":"WebPage","@id":"https:\/\/tbwresearch.org\/geschaeftsfuehrung-und-partnerinnen\/","url":"https:\/\/tbwresearch.org\/geschaeftsfuehrung-und-partnerinnen\/","name":"[:en]Managing Director and Partners[:de]Gesch\u00e4ftsf\u00fchrung und PartnerInnen[:] - tbw research.","isPartOf":{"@id":"https:\/\/tbwresearch.org\/#website"},"datePublished":"2017-06-23T12:16:06+00:00","dateModified":"2023-07-21T09:55:43+00:00","breadcrumb":{"@id":"https:\/\/tbwresearch.org\/geschaeftsfuehrung-und-partnerinnen\/#breadcrumb"},"inLanguage":"en-US","potentialAction":[{"@type":"ReadAction","target":["https:\/\/tbwresearch.org\/geschaeftsfuehrung-und-partnerinnen\/"]}]},{"@type":"BreadcrumbList","@id":"https:\/\/tbwresearch.org\/geschaeftsfuehrung-und-partnerinnen\/#breadcrumb","itemListElement":[{"@type":"ListItem","position":1,"name":"Startseite","item":"https:\/\/tbwresearch.org\/"},{"@type":"ListItem","position":2,"name":"Gesch\u00e4ftsf\u00fchrung und PartnerInnen"}]},{"@type":"WebSite","@id":"https:\/\/tbwresearch.org\/#website","url":"https:\/\/tbwresearch.org\/","name":"tbw research.","description":"the better way research","potentialAction":[{"@type":"SearchAction","target":{"@type":"EntryPoint","urlTemplate":"https:\/\/tbwresearch.org\/?s={search_term_string}"},"query-input":{"@type":"PropertyValueSpecification","valueRequired":true,"valueName":"search_term_string"}}],"inLanguage":"en-US"}]}},"_links":{"self":[{"href":"https:\/\/tbwresearch.org\/en\/wp-json\/wp\/v2\/pages\/1423","targetHints":{"allow":["GET"]}}],"collection":[{"href":"https:\/\/tbwresearch.org\/en\/wp-json\/wp\/v2\/pages"}],"about":[{"href":"https:\/\/tbwresearch.org\/en\/wp-json\/wp\/v2\/types\/page"}],"author":[{"embeddable":true,"href":"https:\/\/tbwresearch.org\/en\/wp-json\/wp\/v2\/users\/7"}],"replies":[{"embeddable":true,"href":"https:\/\/tbwresearch.org\/en\/wp-json\/wp\/v2\/comments?post=1423"}],"version-history":[{"count":33,"href":"https:\/\/tbwresearch.org\/en\/wp-json\/wp\/v2\/pages\/1423\/revisions"}],"predecessor-version":[{"id":5775,"href":"https:\/\/tbwresearch.org\/en\/wp-json\/wp\/v2\/pages\/1423\/revisions\/5775"}],"wp:attachment":[{"href":"https:\/\/tbwresearch.org\/en\/wp-json\/wp\/v2\/media?parent=1423"}],"curies":[{"name":"wp","href":"https:\/\/api.w.org\/{rel}","templated":true}]}}