{"id":1636,"date":"2017-12-12T17:20:34","date_gmt":"2017-12-12T16:20:34","guid":{"rendered":"https:\/\/tbwresearch.wh-i.at\/?page_id=1636"},"modified":"2021-05-12T10:23:43","modified_gmt":"2021-05-12T08:23:43","slug":"neue-mobilitaet","status":"publish","type":"page","link":"https:\/\/tbwresearch.org\/en\/fachbereiche\/neue-mobilitaet\/","title":{"rendered":"New Mobility"},"content":{"rendered":"[vc_row][vc_column]<div class=\"vcex-spacing\" style=\"height:60px\"><\/div>[vc_column_text]\n<div id=\"gt-res-c\" class=\"g-unit\">\n<div id=\"gt-res-p\">\n<div id=\"gt-res-data\">\n<div id=\"gt-res-wrap\">\n<div id=\"gt-res-content\">\n<div id=\"gt-res-dir-ctr\" class=\"trans-verified-button-small\" dir=\"ltr\" style=\"text-align: justify;\"><span id=\"result_box\" class=\"\" lang=\"en\"><span title=\"Der Fachbereich Neue Mobilit\u00e4t arbeitet interdisziplin\u00e4r an der Forschung, Entwicklung und Umsetzung innovativer und integrierter Mobilit\u00e4tsl\u00f6sungen.\">The department <strong>new mobility<\/strong> works interdisciplinary on research, development and implementation of innovative and integrated mobility solutions. <\/span><span title=\"In der Mobilit\u00e4tsforschung bilden demographische und Gender-Aspekte sowie Sozio\u00f6konomie neben der Betrachtung im Kontext der Raumstruktur den Grundstein zukunftsweisender L\u00f6sungen.\"><span class=\"alt-edited\">In the mobility research demographic and gender aspects are the foundation of pioneering solutions<\/span>. <\/span><span title=\"Dabei verfolgen wir das Leitbild von Smart Cities, aber auch Zero-Emission, Intermodalit\u00e4t, Multimodalit\u00e4t und IVS (Intelligente Verkehrssysteme) im l\u00e4ndlichen Raum.\"><span class=\"alt-edited\">We follow the vision of smart cities, as well as zero-emission, intermodality, multimodality and ITS (Intelligent Transport Systems) in rural areas<\/span>. <\/span><span title=\"Dar\u00fcber hinaus bilden Verkehrsinfrastrukturbewertungen (\u00f6konomische, \u00f6kologische &#038; soziale Bewertung), Standortbewertungen (z.B. multimodale Erreichbarkeitsanalysen) und strategische Verkehrsplanung den N\u00e4hrboden f\u00fcr die Umsetzung von innovativen Mobilit\u00e4tsl\u00f6sungen. \">In addition, <strong>transport infrastructure assessments<\/strong> (economic, environmental &#038; social assessment), <strong>site assessments<\/strong> (such as multimodal accessibility analysis) and <strong>strategic transport planning<\/strong> provides new ground for implementation of innovative mobility solutions.<\/span><\/span><\/div>\n<div class=\"trans-verified-button-small\" dir=\"ltr\"><span id=\"result_box\" class=\"\" lang=\"en\"><span title=\"Dar\u00fcber hinaus bilden Verkehrsinfrastrukturbewertungen (\u00f6konomische, \u00f6kologische &#038; soziale Bewertung), Standortbewertungen (z.B. multimodale Erreichbarkeitsanalysen) und strategische Verkehrsplanung den N\u00e4hrboden f\u00fcr die Umsetzung von innovativen Mobilit\u00e4tsl\u00f6sungen. \"><br \/>\n<\/span><span title=\"Der Fachbereich Neue Mobilit\u00e4t gliedert sich in folgenden Schwerpunktthemen: \u00a0\u00a0\u00a0\u00a0\">The department new mobility is divided into the following main topics:<\/span><\/span><\/div>\n<ul>\n<li class=\"trans-verified-button-small\" dir=\"ltr\"><span id=\"result_box\" class=\"\" lang=\"en\"><span title=\"Innovative, multimodale Mobilit\u00e4tsl\u00f6sungen f\u00fcr alle \u00a0\u00a0\u00a0\u00a0\">Innovative, multimodal mobility solutions <\/span><\/span><\/li>\n<li class=\"trans-verified-button-small\" dir=\"ltr\"><span id=\"result_box\" class=\"\" lang=\"en\"><span title=\"Logistik und G\u00fctertransport \u00a0\u00a0\u00a0\u00a0\">Logistics and freight transport<\/span><\/span><\/li>\n<li class=\"trans-verified-button-small\" dir=\"ltr\"><span id=\"result_box\" class=\"\" lang=\"en\"><span title=\"Modellierungen und Standortbewertungen \u00a0\u00a0\u00a0\u00a0\">Modeling and site assessment<br \/>\n<\/span><\/span><\/li>\n<li class=\"trans-verified-button-small\" dir=\"ltr\"><span id=\"result_box\" class=\"\" lang=\"en\"><span title=\"Schwerpunkt Elektromobilit\u00e4t \">Focus on electric mobility<\/span><\/span><\/li>\n<li class=\"trans-verified-button-small\" dir=\"ltr\"><span id=\"result_box\" class=\"\" lang=\"en\"><span title=\"Schwerpunkt Aktive Mobilit\u00e4t\">Focus on active mobility<\/span><\/span><\/li>\n<\/ul>\n<\/div>\n<\/div>\n<\/div>\n<\/div>\n<\/div>\n[\/vc_column_text]<div class=\"vcex-spacing\" style=\"height:40px\"><\/div>[\/vc_column][\/vc_row][vc_row full_width=&#8221;stretch_row&#8221; el_class=&#8221;is-striped&#8221;][vc_column]<div class=\"wpex-carousel wpex-carousel-portfolio clr owl-carousel\" data-items=\"3\" data-slideby=\"1\" data-nav=\"true\" data-dots=\"false\" data-autoplay=\"false\" data-loop=\"false\" data-autoplay-timeout=\"5000\" data-center=\"false\" data-margin=\"15\" data-items-tablet=\"3\" data-items-mobile-landscape=\"2\" data-items-mobile-portrait=\"1\" data-smart-speed=\"150\"><div class=\"wpex-carousel-slide\"><div class=\"wpex-carousel-entry-media clr zzaaa\"><table class=\"project-thumb-container\"><tr><td><a href=\"https:\/\/tbwresearch.org\/en\/projekt\/q2neb\/\" title=\"Q2NEB\" class=\"wpex-carousel-entry-img\"><img loading=\"lazy\" decoding=\"async\" src=\"https:\/\/tbwresearch.org\/wp-content\/uploads\/2025\/03\/250331_Q2NEB_Logo_Vorabzug_2.png\" width=\"282\" height=\"282\" alt=\"Q2NEB\" \/><\/a><\/td><tr><\/table><\/div><div class=\"wpex-carousel-entry-details clr\"><div class=\"wpex-carousel-entry-title entry-title\"><a href=\"https:\/\/tbwresearch.org\/en\/projekt\/q2neb\/\" title=\"Q2NEB\">Q2NEB<\/a><\/div><div class=\"wpex-carousel-entry-excerpt clr\">Qualifizierungsnetzwerk f\u00fcr die Transformation von Quartieren nach Kriterien des New European Bauhaus.<\/div><div class=\"vcex-post-type-entry-readmore-wrap clr\"><a href=\"https:\/\/tbwresearch.org\/en\/projekt\/q2neb\/\" title=\"read more\" rel=\"bookmark\" class=\"theme-button\">read more<\/a><\/div><\/div><\/div><div class=\"wpex-carousel-slide\"><div class=\"wpex-carousel-entry-media clr zzaaa\"><table class=\"project-thumb-container\"><tr><td><a href=\"https:\/\/tbwresearch.org\/en\/projekt\/elindra\/\" title=\"ELINDRA\" class=\"wpex-carousel-entry-img\"><img loading=\"lazy\" decoding=\"async\" src=\"https:\/\/tbwresearch.org\/wp-content\/uploads\/2025\/02\/ELINDRA_Logo-small.png\" width=\"1334\" height=\"582\" alt=\"ELINDRA\" \/><\/a><\/td><tr><\/table><\/div><div class=\"wpex-carousel-entry-details clr\"><div class=\"wpex-carousel-entry-title entry-title\"><a href=\"https:\/\/tbwresearch.org\/en\/projekt\/elindra\/\" title=\"ELINDRA\">ELINDRA<\/a><\/div><div class=\"wpex-carousel-entry-excerpt clr\">Elektrisches inklusives Lastendreiradsystem<\/div><div class=\"vcex-post-type-entry-readmore-wrap clr\"><a href=\"https:\/\/tbwresearch.org\/en\/projekt\/elindra\/\" title=\"read more\" rel=\"bookmark\" class=\"theme-button\">read more<\/a><\/div><\/div><\/div><div class=\"wpex-carousel-slide\"><div class=\"wpex-carousel-entry-media clr zzaaa\"><table class=\"project-thumb-container\"><tr><td><a href=\"https:\/\/tbwresearch.org\/en\/projekt\/perseus\/\" title=\"PERSEUS\" class=\"wpex-carousel-entry-img\"><img loading=\"lazy\" decoding=\"async\" src=\"https:\/\/tbwresearch.org\/wp-content\/uploads\/2024\/07\/PERSEUS-_-Logo.png\" width=\"1363\" height=\"1363\" alt=\"PERSEUS\" \/><\/a><\/td><tr><\/table><\/div><div class=\"wpex-carousel-entry-details clr\"><div class=\"wpex-carousel-entry-title entry-title\"><a href=\"https:\/\/tbwresearch.org\/en\/projekt\/perseus\/\" title=\"PERSEUS\">PERSEUS<\/a><\/div><div class=\"wpex-carousel-entry-excerpt clr\">Policy Effect Navigator for 15-minute cities<\/div><div class=\"vcex-post-type-entry-readmore-wrap clr\"><a href=\"https:\/\/tbwresearch.org\/en\/projekt\/perseus\/\" title=\"read more\" rel=\"bookmark\" class=\"theme-button\">read more<\/a><\/div><\/div><\/div><div class=\"wpex-carousel-slide\"><div class=\"wpex-carousel-entry-media clr zzaaa\"><table class=\"project-thumb-container\"><tr><td><a href=\"https:\/\/tbwresearch.org\/en\/projekt\/selma\/\" title=\"SELMA\" class=\"wpex-carousel-entry-img\"><img loading=\"lazy\" decoding=\"async\" src=\"https:\/\/tbwresearch.org\/wp-content\/uploads\/2024\/07\/Selma-Logo.png\" width=\"1169\" height=\"525\" alt=\"SELMA\" \/><\/a><\/td><tr><\/table><\/div><div class=\"wpex-carousel-entry-details clr\"><div class=\"wpex-carousel-entry-title entry-title\"><a href=\"https:\/\/tbwresearch.org\/en\/projekt\/selma\/\" title=\"SELMA\">SELMA<\/a><\/div><div class=\"wpex-carousel-entry-excerpt clr\">Synergien von Theorie und Praxis f\u00fcr die Integration lokaler Mobilit\u00e4tsl\u00f6sungen in digitalen Plattformen<\/div><div class=\"vcex-post-type-entry-readmore-wrap clr\"><a href=\"https:\/\/tbwresearch.org\/en\/projekt\/selma\/\" title=\"read more\" rel=\"bookmark\" class=\"theme-button\">read more<\/a><\/div><\/div><\/div><div class=\"wpex-carousel-slide\"><div class=\"wpex-carousel-entry-media clr zzaaa\"><table class=\"project-thumb-container\"><tr><td><a href=\"https:\/\/tbwresearch.org\/en\/projekt\/jump\/\" title=\"JuMp!\" class=\"wpex-carousel-entry-img\"><img loading=\"lazy\" decoding=\"async\" src=\"https:\/\/tbwresearch.org\/wp-content\/uploads\/2024\/07\/jump_Website_tbwr.png\" width=\"1049\" height=\"698\" alt=\"JuMp!\" \/><\/a><\/td><tr><\/table><\/div><div class=\"wpex-carousel-entry-details clr\"><div class=\"wpex-carousel-entry-title entry-title\"><a href=\"https:\/\/tbwresearch.org\/en\/projekt\/jump\/\" title=\"JuMp!\">JuMp!<\/a><\/div><div class=\"wpex-carousel-entry-excerpt clr\">Kinder- und Jugendgerechte Mobilit\u00e4tsversorgungsgarantie in der Region<\/div><div class=\"vcex-post-type-entry-readmore-wrap clr\"><a href=\"https:\/\/tbwresearch.org\/en\/projekt\/jump\/\" title=\"read more\" rel=\"bookmark\" class=\"theme-button\">read more<\/a><\/div><\/div><\/div><div class=\"wpex-carousel-slide\"><div class=\"wpex-carousel-entry-media clr zzaaa\"><table class=\"project-thumb-container\"><tr><td><a href=\"https:\/\/tbwresearch.org\/en\/projekt\/sina\/\" title=\"SINA\" class=\"wpex-carousel-entry-img\"><img loading=\"lazy\" decoding=\"async\" src=\"https:\/\/tbwresearch.org\/wp-content\/uploads\/2024\/02\/SINA_KI-Bild.png\" width=\"213\" height=\"213\" alt=\"SINA\" \/><\/a><\/td><tr><\/table><\/div><div class=\"wpex-carousel-entry-details clr\"><div class=\"wpex-carousel-entry-title entry-title\"><a href=\"https:\/\/tbwresearch.org\/en\/projekt\/sina\/\" title=\"SINA\">SINA<\/a><\/div><div class=\"wpex-carousel-entry-excerpt clr\">Simulationstool zur Unterst\u00fctzung einer nachhaltigen Freizeitmobilit\u00e4tsplanung zu urbanen Naherholungsgebieten<\/div><div class=\"vcex-post-type-entry-readmore-wrap clr\"><a href=\"https:\/\/tbwresearch.org\/en\/projekt\/sina\/\" title=\"read more\" rel=\"bookmark\" class=\"theme-button\">read more<\/a><\/div><\/div><\/div><div class=\"wpex-carousel-slide\"><div class=\"wpex-carousel-entry-media clr zzaaa\"><table class=\"project-thumb-container\"><tr><td><a href=\"https:\/\/tbwresearch.org\/en\/projekt\/komoa\/\" title=\"KOMOA\" class=\"wpex-carousel-entry-img\"><img loading=\"lazy\" decoding=\"async\" src=\"https:\/\/tbwresearch.org\/wp-content\/uploads\/2020\/05\/platzhalter.png\" width=\"768\" height=\"1151\" alt=\"KOMOA\" \/><\/a><\/td><tr><\/table><\/div><div class=\"wpex-carousel-entry-details clr\"><div class=\"wpex-carousel-entry-title entry-title\"><a href=\"https:\/\/tbwresearch.org\/en\/projekt\/komoa\/\" title=\"KOMOA\">KOMOA<\/a><\/div><div class=\"wpex-carousel-entry-excerpt clr\">Konzeptstudie f\u00fcr ein Mobility Observatory Austria<\/div><div class=\"vcex-post-type-entry-readmore-wrap clr\"><a href=\"https:\/\/tbwresearch.org\/en\/projekt\/komoa\/\" title=\"read more\" rel=\"bookmark\" class=\"theme-button\">read more<\/a><\/div><\/div><\/div><div class=\"wpex-carousel-slide\"><div class=\"wpex-carousel-entry-media clr zzaaa\"><table class=\"project-thumb-container\"><tr><td><a href=\"https:\/\/tbwresearch.org\/en\/projekt\/mobitools\/\" title=\"MobiTOOLs\" class=\"wpex-carousel-entry-img\"><img loading=\"lazy\" decoding=\"async\" src=\"https:\/\/tbwresearch.org\/wp-content\/uploads\/2024\/02\/MobiTOOLs_VCOe_Projekt.png\" width=\"1280\" height=\"720\" alt=\"MobiTOOLs\" \/><\/a><\/td><tr><\/table><\/div><div class=\"wpex-carousel-entry-details clr\"><div class=\"wpex-carousel-entry-title entry-title\"><a href=\"https:\/\/tbwresearch.org\/en\/projekt\/mobitools\/\" title=\"MobiTOOLs\">MobiTOOLs<\/a><\/div><div class=\"wpex-carousel-entry-excerpt clr\">Entwicklung von L\u00f6sungen f\u00fcr unterschiedliche Verhaltenstypen zur Akzeptanz neuer Mobilit\u00e4tsangebote<\/div><div class=\"vcex-post-type-entry-readmore-wrap clr\"><a href=\"https:\/\/tbwresearch.org\/en\/projekt\/mobitools\/\" title=\"read more\" rel=\"bookmark\" class=\"theme-button\">read more<\/a><\/div><\/div><\/div><\/div>[\/vc_column][\/vc_row]\n","protected":false},"excerpt":{"rendered":"<p>[vc_row][vc_column][vc_column_text] The department new mobility works interdisciplinary on research, development and implementation of innovative and integrated mobility solutions. In the mobility research demographic and gender aspects are the foundation of pioneering solutions. We follow the vision of smart cities, as&hellip;<\/p>\n","protected":false},"author":6,"featured_media":0,"parent":1614,"menu_order":0,"comment_status":"closed","ping_status":"closed","template":"","meta":{"_acf_changed":false,"footnotes":""},"class_list":["post-1636","page","type-page","status-publish","hentry","entry","has-media"],"acf":[],"yoast_head":"<!-- This site is optimized with the Yoast SEO plugin v26.2 - https:\/\/yoast.com\/wordpress\/plugins\/seo\/ -->\n<title>New Mobility - tbw research.<\/title>\n<meta name=\"robots\" content=\"index, follow, max-snippet:-1, max-image-preview:large, max-video-preview:-1\" \/>\n<link rel=\"canonical\" href=\"https:\/\/tbwresearch.org\/fachbereiche\/neue-mobilitaet\/\" \/>\n<meta property=\"og:locale\" content=\"en_US\" \/>\n<meta property=\"og:type\" content=\"article\" \/>\n<meta property=\"og:title\" content=\"New Mobility\" \/>\n<meta property=\"og:description\" content=\"[vc_row][vc_column][vc_column_text] The department new mobility works interdisciplinary on research, development and implementation of innovative and integrated mobility solutions. In the mobility research demographic and gender aspects are the foundation of pioneering solutions. We follow the vision of smart cities, as&hellip;\" \/>\n<meta property=\"og:url\" content=\"https:\/\/tbwresearch.org\/fachbereiche\/neue-mobilitaet\/\" \/>\n<meta property=\"og:site_name\" content=\"tbw research.\" \/>\n<meta property=\"article:modified_time\" content=\"2021-05-12T08:23:43+00:00\" \/>\n<meta name=\"twitter:card\" content=\"summary_large_image\" \/>\n<meta name=\"twitter:label1\" content=\"Est. reading time\" \/>\n\t<meta name=\"twitter:data1\" content=\"1 minute\" \/>\n<script type=\"application\/ld+json\" class=\"yoast-schema-graph\">{\"@context\":\"https:\/\/schema.org\",\"@graph\":[{\"@type\":\"WebPage\",\"@id\":\"https:\/\/tbwresearch.org\/fachbereiche\/neue-mobilitaet\/\",\"url\":\"https:\/\/tbwresearch.org\/fachbereiche\/neue-mobilitaet\/\",\"name\":\"[:en]New Mobility[:de]Neue Mobilit\u00e4t[:] - tbw research.\",\"isPartOf\":{\"@id\":\"https:\/\/tbwresearch.org\/#website\"},\"datePublished\":\"2017-12-12T16:20:34+00:00\",\"dateModified\":\"2021-05-12T08:23:43+00:00\",\"breadcrumb\":{\"@id\":\"https:\/\/tbwresearch.org\/fachbereiche\/neue-mobilitaet\/#breadcrumb\"},\"inLanguage\":\"en-US\",\"potentialAction\":[{\"@type\":\"ReadAction\",\"target\":[\"https:\/\/tbwresearch.org\/fachbereiche\/neue-mobilitaet\/\"]}]},{\"@type\":\"BreadcrumbList\",\"@id\":\"https:\/\/tbwresearch.org\/fachbereiche\/neue-mobilitaet\/#breadcrumb\",\"itemListElement\":[{\"@type\":\"ListItem\",\"position\":1,\"name\":\"Startseite\",\"item\":\"https:\/\/tbwresearch.org\/\"},{\"@type\":\"ListItem\",\"position\":2,\"name\":\"Fachbereiche\",\"item\":\"https:\/\/tbwresearch.org\/fachbereiche\/\"},{\"@type\":\"ListItem\",\"position\":3,\"name\":\"Neue Mobilit\u00e4t\"}]},{\"@type\":\"WebSite\",\"@id\":\"https:\/\/tbwresearch.org\/#website\",\"url\":\"https:\/\/tbwresearch.org\/\",\"name\":\"tbw research.\",\"description\":\"the better way research\",\"potentialAction\":[{\"@type\":\"SearchAction\",\"target\":{\"@type\":\"EntryPoint\",\"urlTemplate\":\"https:\/\/tbwresearch.org\/?s={search_term_string}\"},\"query-input\":{\"@type\":\"PropertyValueSpecification\",\"valueRequired\":true,\"valueName\":\"search_term_string\"}}],\"inLanguage\":\"en-US\"}]}<\/script>\n<!-- \/ Yoast SEO plugin. -->","yoast_head_json":{"title":"New Mobility - tbw research.","robots":{"index":"index","follow":"follow","max-snippet":"max-snippet:-1","max-image-preview":"max-image-preview:large","max-video-preview":"max-video-preview:-1"},"canonical":"https:\/\/tbwresearch.org\/fachbereiche\/neue-mobilitaet\/","og_locale":"en_US","og_type":"article","og_title":"[:en]New Mobility[:de]Neue Mobilit\u00e4t[:] - tbw research.","og_description":"[vc_row][vc_column][vc_column_text] The department new mobility works interdisciplinary on research, development and implementation of innovative and integrated mobility solutions. In the mobility research demographic and gender aspects are the foundation of pioneering solutions. We follow the vision of smart cities, as&hellip;","og_url":"https:\/\/tbwresearch.org\/fachbereiche\/neue-mobilitaet\/","og_site_name":"tbw research.","article_modified_time":"2021-05-12T08:23:43+00:00","twitter_card":"summary_large_image","twitter_misc":{"Est. reading time":"1 minute"},"schema":{"@context":"https:\/\/schema.org","@graph":[{"@type":"WebPage","@id":"https:\/\/tbwresearch.org\/fachbereiche\/neue-mobilitaet\/","url":"https:\/\/tbwresearch.org\/fachbereiche\/neue-mobilitaet\/","name":"[:en]New Mobility[:de]Neue Mobilit\u00e4t[:] - tbw research.","isPartOf":{"@id":"https:\/\/tbwresearch.org\/#website"},"datePublished":"2017-12-12T16:20:34+00:00","dateModified":"2021-05-12T08:23:43+00:00","breadcrumb":{"@id":"https:\/\/tbwresearch.org\/fachbereiche\/neue-mobilitaet\/#breadcrumb"},"inLanguage":"en-US","potentialAction":[{"@type":"ReadAction","target":["https:\/\/tbwresearch.org\/fachbereiche\/neue-mobilitaet\/"]}]},{"@type":"BreadcrumbList","@id":"https:\/\/tbwresearch.org\/fachbereiche\/neue-mobilitaet\/#breadcrumb","itemListElement":[{"@type":"ListItem","position":1,"name":"Startseite","item":"https:\/\/tbwresearch.org\/"},{"@type":"ListItem","position":2,"name":"Fachbereiche","item":"https:\/\/tbwresearch.org\/fachbereiche\/"},{"@type":"ListItem","position":3,"name":"Neue Mobilit\u00e4t"}]},{"@type":"WebSite","@id":"https:\/\/tbwresearch.org\/#website","url":"https:\/\/tbwresearch.org\/","name":"tbw research.","description":"the better way research","potentialAction":[{"@type":"SearchAction","target":{"@type":"EntryPoint","urlTemplate":"https:\/\/tbwresearch.org\/?s={search_term_string}"},"query-input":{"@type":"PropertyValueSpecification","valueRequired":true,"valueName":"search_term_string"}}],"inLanguage":"en-US"}]}},"_links":{"self":[{"href":"https:\/\/tbwresearch.org\/en\/wp-json\/wp\/v2\/pages\/1636","targetHints":{"allow":["GET"]}}],"collection":[{"href":"https:\/\/tbwresearch.org\/en\/wp-json\/wp\/v2\/pages"}],"about":[{"href":"https:\/\/tbwresearch.org\/en\/wp-json\/wp\/v2\/types\/page"}],"author":[{"embeddable":true,"href":"https:\/\/tbwresearch.org\/en\/wp-json\/wp\/v2\/users\/6"}],"replies":[{"embeddable":true,"href":"https:\/\/tbwresearch.org\/en\/wp-json\/wp\/v2\/comments?post=1636"}],"version-history":[{"count":30,"href":"https:\/\/tbwresearch.org\/en\/wp-json\/wp\/v2\/pages\/1636\/revisions"}],"predecessor-version":[{"id":5233,"href":"https:\/\/tbwresearch.org\/en\/wp-json\/wp\/v2\/pages\/1636\/revisions\/5233"}],"up":[{"embeddable":true,"href":"https:\/\/tbwresearch.org\/en\/wp-json\/wp\/v2\/pages\/1614"}],"wp:attachment":[{"href":"https:\/\/tbwresearch.org\/en\/wp-json\/wp\/v2\/media?parent=1636"}],"curies":[{"name":"wp","href":"https:\/\/api.w.org\/{rel}","templated":true}]}}