{"id":1640,"date":"2017-12-12T17:26:23","date_gmt":"2017-12-12T16:26:23","guid":{"rendered":"https:\/\/tbwresearch.wh-i.at\/?page_id=1640"},"modified":"2021-05-12T10:24:52","modified_gmt":"2021-05-12T08:24:52","slug":"energie-bioressourcen","status":"publish","type":"page","link":"https:\/\/tbwresearch.org\/en\/fachbereiche\/energie-bioressourcen\/","title":{"rendered":"Energy &#038; Renewable Resources"},"content":{"rendered":"[vc_row][vc_column]<div class=\"vcex-spacing\" style=\"height:60px\"><\/div>[vc_column_text]\n<p style=\"text-align: justify;\">The Department of Energy &#038; Renewable Resources deals with sustainable technologies for the provision of energy and products. In this area the development of biorefineries which integrate the production of products with the generation of energy is of primary interest.<\/p>\n<p style=\"text-align: justify;\">Within interdisciplinary teams new bio-based products and technologies and are being developed. From the start tbw\u2019s research and development work has clear goals: To deliver concrete results, to generate customer value and to prepare\/initiate future implementation. Specific attention and support is provided to SMEs respectively. Innovation and development is driven forward by means of conjoint efforts and cooperation with other research institutions and business partners likewise.<\/p>\n<p style=\"text-align: justify;\">Focus of tbw research in the field of Energy and Renewable Resources:<\/p>\n<ul>\n<li style=\"text-align: justify;\">Development and implementation of customized innovation and research projects: <em>Conception, submission for research funding and implementation of applied R&#038;D projects.<\/em><\/li>\n<li style=\"text-align: justify;\">Biorefineries: Development and optimization of process technology and new bio-based products.<\/li>\n<li style=\"text-align: justify;\">Sustainable energy from renewable resources<\/li>\n<li style=\"text-align: justify;\">Know-how transfer: Support business partners in transferring new technologies and products to the market.<\/li>\n<\/ul>\n[\/vc_column_text]<div class=\"vcex-spacing\" style=\"height:40px\"><\/div>[\/vc_column][\/vc_row][vc_row full_width=&#8221;stretch_row&#8221; el_class=&#8221;is-striped&#8221;][vc_column]<div class=\"wpex-carousel wpex-carousel-portfolio clr owl-carousel\" data-items=\"3\" data-slideby=\"1\" data-nav=\"true\" data-dots=\"false\" data-autoplay=\"false\" data-loop=\"false\" data-autoplay-timeout=\"5000\" data-center=\"false\" data-margin=\"15\" data-items-tablet=\"3\" data-items-mobile-landscape=\"2\" data-items-mobile-portrait=\"1\" data-smart-speed=\"150\"><div class=\"wpex-carousel-slide\"><div class=\"wpex-carousel-entry-media clr zzaaa\"><table class=\"project-thumb-container\"><tr><td><a href=\"https:\/\/tbwresearch.org\/en\/projekt\/q2neb\/\" title=\"Q2NEB\" class=\"wpex-carousel-entry-img\"><img loading=\"lazy\" decoding=\"async\" src=\"https:\/\/tbwresearch.org\/wp-content\/uploads\/2025\/03\/250331_Q2NEB_Logo_Vorabzug_2.png\" width=\"282\" height=\"282\" alt=\"Q2NEB\" \/><\/a><\/td><tr><\/table><\/div><div class=\"wpex-carousel-entry-details clr\"><div class=\"wpex-carousel-entry-title entry-title\"><a href=\"https:\/\/tbwresearch.org\/en\/projekt\/q2neb\/\" title=\"Q2NEB\">Q2NEB<\/a><\/div><div class=\"wpex-carousel-entry-excerpt clr\">Qualifizierungsnetzwerk f\u00fcr die Transformation von Quartieren nach Kriterien des New European Bauhaus.<\/div><div class=\"vcex-post-type-entry-readmore-wrap clr\"><a href=\"https:\/\/tbwresearch.org\/en\/projekt\/q2neb\/\" title=\"read more\" rel=\"bookmark\" class=\"theme-button\">read more<\/a><\/div><\/div><\/div><div class=\"wpex-carousel-slide\"><div class=\"wpex-carousel-entry-media clr zzaaa\"><table class=\"project-thumb-container\"><tr><td><a href=\"https:\/\/tbwresearch.org\/en\/projekt\/reuse-2\/\" title=\"REUSE\" class=\"wpex-carousel-entry-img\"><img loading=\"lazy\" decoding=\"async\" src=\"https:\/\/tbwresearch.org\/wp-content\/uploads\/2025\/02\/REUSE_logo_ok.png\" width=\"350\" height=\"100\" alt=\"REUSE\" \/><\/a><\/td><tr><\/table><\/div><div class=\"wpex-carousel-entry-details clr\"><div class=\"wpex-carousel-entry-title entry-title\"><a href=\"https:\/\/tbwresearch.org\/en\/projekt\/reuse-2\/\" title=\"REUSE\">REUSE<\/a><\/div><div class=\"wpex-carousel-entry-excerpt clr\">REUSE hat sich das Ziel gesetzt, die Technologien zur Kohlenstoffabscheidung und -nutzung (CCU) zu revolutionieren...<\/div><div class=\"vcex-post-type-entry-readmore-wrap clr\"><a href=\"https:\/\/tbwresearch.org\/en\/projekt\/reuse-2\/\" title=\"read more\" rel=\"bookmark\" class=\"theme-button\">read more<\/a><\/div><\/div><\/div><div class=\"wpex-carousel-slide\"><div class=\"wpex-carousel-entry-media clr zzaaa\"><table class=\"project-thumb-container\"><tr><td><a href=\"https:\/\/tbwresearch.org\/en\/projekt\/agreenew\/\" title=\"AGreeNew\" class=\"wpex-carousel-entry-img\"><img loading=\"lazy\" decoding=\"async\" src=\"https:\/\/tbwresearch.org\/wp-content\/uploads\/2025\/02\/AGreeNew.png\" width=\"424\" height=\"75\" alt=\"AGreeNew\" \/><\/a><\/td><tr><\/table><\/div><div class=\"wpex-carousel-entry-details clr\"><div class=\"wpex-carousel-entry-title entry-title\"><a href=\"https:\/\/tbwresearch.org\/en\/projekt\/agreenew\/\" title=\"AGreeNew\">AGreeNew<\/a><\/div><div class=\"wpex-carousel-entry-excerpt clr\">Die Transformation hin zur Kreislaufwirtschaft er\u00f6ffnet bedeutende Chancen f\u00fcr die regionale Wirtschaft in \u00d6sterreich. In...<\/div><div class=\"vcex-post-type-entry-readmore-wrap clr\"><a href=\"https:\/\/tbwresearch.org\/en\/projekt\/agreenew\/\" title=\"read more\" rel=\"bookmark\" class=\"theme-button\">read more<\/a><\/div><\/div><\/div><div class=\"wpex-carousel-slide\"><div class=\"wpex-carousel-entry-media clr zzaaa\"><table class=\"project-thumb-container\"><tr><td><a href=\"https:\/\/tbwresearch.org\/en\/projekt\/farm4more\/\" title=\"Farm4More\" class=\"wpex-carousel-entry-img\"><img loading=\"lazy\" decoding=\"async\" src=\"https:\/\/tbwresearch.org\/wp-content\/uploads\/2025\/03\/Farm4More-LOGO-FINAL-VERSION-scaled-e1575543522675.jpg\" width=\"900\" height=\"354\" alt=\"Farm4More\" \/><\/a><\/td><tr><\/table><\/div><div class=\"wpex-carousel-entry-details clr\"><div class=\"wpex-carousel-entry-title entry-title\"><a href=\"https:\/\/tbwresearch.org\/en\/projekt\/farm4more\/\" title=\"Farm4More\">Farm4More<\/a><\/div><div class=\"wpex-carousel-entry-excerpt clr\">LIFE farm4more ist ein vierj\u00e4hriges agrarwissenschaftliches Pilotprojekt, dessen Ma\u00dfnahmen eine Vielzahl klima- und agrarpolitischer Vorgaben...<\/div><div class=\"vcex-post-type-entry-readmore-wrap clr\"><a href=\"https:\/\/tbwresearch.org\/en\/projekt\/farm4more\/\" title=\"read more\" rel=\"bookmark\" class=\"theme-button\">read more<\/a><\/div><\/div><\/div><div class=\"wpex-carousel-slide\"><div class=\"wpex-carousel-entry-media clr zzaaa\"><table class=\"project-thumb-container\"><tr><td><a href=\"https:\/\/tbwresearch.org\/en\/projekt\/meidlinger-l-demo\/\" title=\"MEIDLINGER L &#8211; Demo\" class=\"wpex-carousel-entry-img\"><img loading=\"lazy\" decoding=\"async\" src=\"https:\/\/tbwresearch.org\/wp-content\/uploads\/2022\/03\/Meidling.png\" width=\"643\" height=\"532\" alt=\"MEIDLINGER L &#8211; Demo\" \/><\/a><\/td><tr><\/table><\/div><div class=\"wpex-carousel-entry-details clr\"><div class=\"wpex-carousel-entry-title entry-title\"><a href=\"https:\/\/tbwresearch.org\/en\/projekt\/meidlinger-l-demo\/\" title=\"MEIDLINGER L &#8211; Demo\">MEIDLINGER L &#8211; Demo<\/a><\/div><div class=\"wpex-carousel-entry-excerpt clr\">Umsetzung, Demonstration einer systemischen Gesamtl\u00f6sung im Bestand an der Schnittstelle von \u00f6ffentlichem und privatem Raum<\/div><div class=\"vcex-post-type-entry-readmore-wrap clr\"><a href=\"https:\/\/tbwresearch.org\/en\/projekt\/meidlinger-l-demo\/\" title=\"read more\" rel=\"bookmark\" class=\"theme-button\">read more<\/a><\/div><\/div><\/div><div class=\"wpex-carousel-slide\"><div class=\"wpex-carousel-entry-media clr zzaaa\"><table class=\"project-thumb-container\"><tr><td><a href=\"https:\/\/tbwresearch.org\/en\/projekt\/upwhey-2\/\" title=\"UPWhey\" class=\"wpex-carousel-entry-img\"><img loading=\"lazy\" decoding=\"async\" src=\"https:\/\/tbwresearch.org\/wp-content\/uploads\/2016\/10\/background_white.png\" width=\"313\" height=\"260\" alt=\"UPWhey\" \/><\/a><\/td><tr><\/table><\/div><div class=\"wpex-carousel-entry-details clr\"><div class=\"wpex-carousel-entry-title entry-title\"><a href=\"https:\/\/tbwresearch.org\/en\/projekt\/upwhey-2\/\" title=\"UPWhey\">UPWhey<\/a><\/div><div class=\"wpex-carousel-entry-excerpt clr\">Upstream processing of lactose whey for bulk chemicals and energy production - Das Projekt UPWhey...<\/div><div class=\"vcex-post-type-entry-readmore-wrap clr\"><a href=\"https:\/\/tbwresearch.org\/en\/projekt\/upwhey-2\/\" title=\"read more\" rel=\"bookmark\" class=\"theme-button\">read more<\/a><\/div><\/div><\/div><div class=\"wpex-carousel-slide\"><div class=\"wpex-carousel-entry-media clr zzaaa\"><table class=\"project-thumb-container\"><tr><td><a href=\"https:\/\/tbwresearch.org\/en\/projekt\/waystup\/\" title=\"WaysTUP!\" class=\"wpex-carousel-entry-img\"><img loading=\"lazy\" decoding=\"async\" src=\"https:\/\/tbwresearch.org\/wp-content\/uploads\/2019\/10\/IMG_20191003_145020-1.jpg\" width=\"3120\" height=\"4160\" alt=\"WaysTUP!\" \/><\/a><\/td><tr><\/table><\/div><div class=\"wpex-carousel-entry-details clr\"><div class=\"wpex-carousel-entry-title entry-title\"><a href=\"https:\/\/tbwresearch.org\/en\/projekt\/waystup\/\" title=\"WaysTUP!\">WaysTUP!<\/a><\/div><div class=\"wpex-carousel-entry-excerpt clr\">Verwertung von st\u00e4dtischem Bioabfall mit disruptiver Umwandlung in biobasierte Produkte<\/div><div class=\"vcex-post-type-entry-readmore-wrap clr\"><a href=\"https:\/\/tbwresearch.org\/en\/projekt\/waystup\/\" title=\"read more\" rel=\"bookmark\" class=\"theme-button\">read more<\/a><\/div><\/div><\/div><div class=\"wpex-carousel-slide\"><div class=\"wpex-carousel-entry-media clr zzaaa\"><table class=\"project-thumb-container\"><tr><td><a href=\"https:\/\/tbwresearch.org\/en\/projekt\/iea-bioenergy-task-42-2019-2021\/\" title=\"IEA Bioenergie Task 42: Arbeitsperiode 2019 &#8211; 2021\" class=\"wpex-carousel-entry-img\"><img loading=\"lazy\" decoding=\"async\" src=\"https:\/\/tbwresearch.org\/wp-content\/uploads\/2018\/07\/thomas-lambert-407374-unsplash.jpg\" width=\"2800\" height=\"2100\" alt=\"IEA Bioenergie Task 42: Arbeitsperiode 2019 &#8211; 2021\" \/><\/a><\/td><tr><\/table><\/div><div class=\"wpex-carousel-entry-details clr\"><div class=\"wpex-carousel-entry-title entry-title\"><a href=\"https:\/\/tbwresearch.org\/en\/projekt\/iea-bioenergy-task-42-2019-2021\/\" title=\"IEA Bioenergie Task 42: Arbeitsperiode 2019 &#8211; 2021\">IEA Bioenergie Task 42: Arbeitsperiode 2019 &#8211; 2021<\/a><\/div><div class=\"wpex-carousel-entry-excerpt clr\">\u00d6sterreichische Beitr\u00e4ge zur Weiterentwicklung, Implementierung und Bewertung von Bioraffinerien innerhalb des Implementing Agreement IEA- Bioenergy....<\/div><div class=\"vcex-post-type-entry-readmore-wrap clr\"><a href=\"https:\/\/tbwresearch.org\/en\/projekt\/iea-bioenergy-task-42-2019-2021\/\" title=\"read more\" rel=\"bookmark\" class=\"theme-button\">read more<\/a><\/div><\/div><\/div><\/div>[\/vc_column][\/vc_row]\n","protected":false},"excerpt":{"rendered":"<p>[vc_row][vc_column][vc_column_text] The Department of Energy &#038; Renewable Resources deals with sustainable technologies for the provision of energy and products. In this area the development of biorefineries which integrate the production of products with the generation of energy is of primary&hellip;<\/p>\n","protected":false},"author":6,"featured_media":0,"parent":1614,"menu_order":0,"comment_status":"closed","ping_status":"closed","template":"","meta":{"_acf_changed":false,"footnotes":""},"class_list":["post-1640","page","type-page","status-publish","hentry","entry","has-media"],"acf":[],"yoast_head":"<!-- This site is optimized with the Yoast SEO plugin v26.2 - https:\/\/yoast.com\/wordpress\/plugins\/seo\/ -->\n<title>Energy &amp; Renewable Resources - tbw research.<\/title>\n<meta name=\"robots\" content=\"index, follow, max-snippet:-1, max-image-preview:large, max-video-preview:-1\" \/>\n<link rel=\"canonical\" href=\"https:\/\/tbwresearch.org\/fachbereiche\/energie-bioressourcen\/\" \/>\n<meta property=\"og:locale\" content=\"en_US\" \/>\n<meta property=\"og:type\" content=\"article\" \/>\n<meta property=\"og:title\" content=\"Energy &amp; Renewable Resources\" \/>\n<meta property=\"og:description\" content=\"[vc_row][vc_column][vc_column_text] The Department of Energy &amp; Renewable Resources deals with sustainable technologies for the provision of energy and products. In this area the development of biorefineries which integrate the production of products with the generation of energy is of primary&hellip;\" \/>\n<meta property=\"og:url\" content=\"https:\/\/tbwresearch.org\/fachbereiche\/energie-bioressourcen\/\" \/>\n<meta property=\"og:site_name\" content=\"tbw research.\" \/>\n<meta property=\"article:modified_time\" content=\"2021-05-12T08:24:52+00:00\" \/>\n<meta name=\"twitter:card\" content=\"summary_large_image\" \/>\n<meta name=\"twitter:label1\" content=\"Est. reading time\" \/>\n\t<meta name=\"twitter:data1\" content=\"1 minute\" \/>\n<script type=\"application\/ld+json\" class=\"yoast-schema-graph\">{\"@context\":\"https:\/\/schema.org\",\"@graph\":[{\"@type\":\"WebPage\",\"@id\":\"https:\/\/tbwresearch.org\/fachbereiche\/energie-bioressourcen\/\",\"url\":\"https:\/\/tbwresearch.org\/fachbereiche\/energie-bioressourcen\/\",\"name\":\"[:en]Energy & Renewable Resources[:de]Energie & Bioressourcen[:] - tbw research.\",\"isPartOf\":{\"@id\":\"https:\/\/tbwresearch.org\/#website\"},\"datePublished\":\"2017-12-12T16:26:23+00:00\",\"dateModified\":\"2021-05-12T08:24:52+00:00\",\"breadcrumb\":{\"@id\":\"https:\/\/tbwresearch.org\/fachbereiche\/energie-bioressourcen\/#breadcrumb\"},\"inLanguage\":\"en-US\",\"potentialAction\":[{\"@type\":\"ReadAction\",\"target\":[\"https:\/\/tbwresearch.org\/fachbereiche\/energie-bioressourcen\/\"]}]},{\"@type\":\"BreadcrumbList\",\"@id\":\"https:\/\/tbwresearch.org\/fachbereiche\/energie-bioressourcen\/#breadcrumb\",\"itemListElement\":[{\"@type\":\"ListItem\",\"position\":1,\"name\":\"Startseite\",\"item\":\"https:\/\/tbwresearch.org\/\"},{\"@type\":\"ListItem\",\"position\":2,\"name\":\"Fachbereiche\",\"item\":\"https:\/\/tbwresearch.org\/fachbereiche\/\"},{\"@type\":\"ListItem\",\"position\":3,\"name\":\"Energie &#038; Bioressourcen\"}]},{\"@type\":\"WebSite\",\"@id\":\"https:\/\/tbwresearch.org\/#website\",\"url\":\"https:\/\/tbwresearch.org\/\",\"name\":\"tbw research.\",\"description\":\"the better way research\",\"potentialAction\":[{\"@type\":\"SearchAction\",\"target\":{\"@type\":\"EntryPoint\",\"urlTemplate\":\"https:\/\/tbwresearch.org\/?s={search_term_string}\"},\"query-input\":{\"@type\":\"PropertyValueSpecification\",\"valueRequired\":true,\"valueName\":\"search_term_string\"}}],\"inLanguage\":\"en-US\"}]}<\/script>\n<!-- \/ Yoast SEO plugin. -->","yoast_head_json":{"title":"Energy & Renewable Resources - tbw research.","robots":{"index":"index","follow":"follow","max-snippet":"max-snippet:-1","max-image-preview":"max-image-preview:large","max-video-preview":"max-video-preview:-1"},"canonical":"https:\/\/tbwresearch.org\/fachbereiche\/energie-bioressourcen\/","og_locale":"en_US","og_type":"article","og_title":"[:en]Energy & Renewable Resources[:de]Energie & Bioressourcen[:] - tbw research.","og_description":"[vc_row][vc_column][vc_column_text] The Department of Energy &#038; Renewable Resources deals with sustainable technologies for the provision of energy and products. In this area the development of biorefineries which integrate the production of products with the generation of energy is of primary&hellip;","og_url":"https:\/\/tbwresearch.org\/fachbereiche\/energie-bioressourcen\/","og_site_name":"tbw research.","article_modified_time":"2021-05-12T08:24:52+00:00","twitter_card":"summary_large_image","twitter_misc":{"Est. reading time":"1 minute"},"schema":{"@context":"https:\/\/schema.org","@graph":[{"@type":"WebPage","@id":"https:\/\/tbwresearch.org\/fachbereiche\/energie-bioressourcen\/","url":"https:\/\/tbwresearch.org\/fachbereiche\/energie-bioressourcen\/","name":"[:en]Energy & Renewable Resources[:de]Energie & Bioressourcen[:] - tbw research.","isPartOf":{"@id":"https:\/\/tbwresearch.org\/#website"},"datePublished":"2017-12-12T16:26:23+00:00","dateModified":"2021-05-12T08:24:52+00:00","breadcrumb":{"@id":"https:\/\/tbwresearch.org\/fachbereiche\/energie-bioressourcen\/#breadcrumb"},"inLanguage":"en-US","potentialAction":[{"@type":"ReadAction","target":["https:\/\/tbwresearch.org\/fachbereiche\/energie-bioressourcen\/"]}]},{"@type":"BreadcrumbList","@id":"https:\/\/tbwresearch.org\/fachbereiche\/energie-bioressourcen\/#breadcrumb","itemListElement":[{"@type":"ListItem","position":1,"name":"Startseite","item":"https:\/\/tbwresearch.org\/"},{"@type":"ListItem","position":2,"name":"Fachbereiche","item":"https:\/\/tbwresearch.org\/fachbereiche\/"},{"@type":"ListItem","position":3,"name":"Energie &#038; Bioressourcen"}]},{"@type":"WebSite","@id":"https:\/\/tbwresearch.org\/#website","url":"https:\/\/tbwresearch.org\/","name":"tbw research.","description":"the better way research","potentialAction":[{"@type":"SearchAction","target":{"@type":"EntryPoint","urlTemplate":"https:\/\/tbwresearch.org\/?s={search_term_string}"},"query-input":{"@type":"PropertyValueSpecification","valueRequired":true,"valueName":"search_term_string"}}],"inLanguage":"en-US"}]}},"_links":{"self":[{"href":"https:\/\/tbwresearch.org\/en\/wp-json\/wp\/v2\/pages\/1640","targetHints":{"allow":["GET"]}}],"collection":[{"href":"https:\/\/tbwresearch.org\/en\/wp-json\/wp\/v2\/pages"}],"about":[{"href":"https:\/\/tbwresearch.org\/en\/wp-json\/wp\/v2\/types\/page"}],"author":[{"embeddable":true,"href":"https:\/\/tbwresearch.org\/en\/wp-json\/wp\/v2\/users\/6"}],"replies":[{"embeddable":true,"href":"https:\/\/tbwresearch.org\/en\/wp-json\/wp\/v2\/comments?post=1640"}],"version-history":[{"count":35,"href":"https:\/\/tbwresearch.org\/en\/wp-json\/wp\/v2\/pages\/1640\/revisions"}],"predecessor-version":[{"id":5236,"href":"https:\/\/tbwresearch.org\/en\/wp-json\/wp\/v2\/pages\/1640\/revisions\/5236"}],"up":[{"embeddable":true,"href":"https:\/\/tbwresearch.org\/en\/wp-json\/wp\/v2\/pages\/1614"}],"wp:attachment":[{"href":"https:\/\/tbwresearch.org\/en\/wp-json\/wp\/v2\/media?parent=1640"}],"curies":[{"name":"wp","href":"https:\/\/api.w.org\/{rel}","templated":true}]}}