{"id":43,"date":"2015-01-16T22:02:10","date_gmt":"2015-01-16T22:02:10","guid":{"rendered":"http:\/\/totaltheme.wpengine.com\/portfolio\/?page_id=43"},"modified":"2024-01-16T11:15:11","modified_gmt":"2024-01-16T10:15:11","slug":"home","status":"publish","type":"page","link":"https:\/\/tbwresearch.org\/en\/","title":{"rendered":"Home"},"content":{"rendered":"[vc_row][vc_column][rev_slider_vc alias=&#8221;slider-1-en&#8221;][\/vc_column][\/vc_row][vc_row center_row=&#8221;yes&#8221; css=&#8221;.vc_custom_1475676608711{margin-top: 20px !important;margin-bottom: 20px !important;}&#8221;][vc_column][vc_column_text]\n<p style=\"text-align: center;\"><strong>t<\/strong>he <strong>b<\/strong>etter <strong>w<\/strong>ay <strong>research<\/strong> <strong>&#8211; research and innovation are showing the way<br \/>\n<\/strong>As a non-profit company, tbw research focuses on research and consulting in transport &#038; mobility,<br \/>\nenergy &#038; bioresources, water and construction as well as process optimization domains.<br \/>\nAfter all these are the key topics determining our quality of life and our prosperity.<\/p>\n<p style=\"text-align: center;\"><strong>Leading by innovation &#8211; a benefit for everyone<br \/>\n<\/strong>What lifelong learning means to individuals is Research, Development &#038; Innovation (RDI) for businesses.<br \/>\nLong-standing networks in our research disciplines, research excellence and the deep examination of gender<br \/>\nand diversity in research and business result in better solutions in everyday life.<br \/>\nProcess solutions and successful project management in interdisciplinary teams from industry and science make sure<br \/>\nthat ideas come to fruition.<\/p>\n<p style=\"text-align: center;\"><strong>Our core values<br \/>\n<\/strong>Fairness &#8211; Transparency &#038; Participation &#8211; Social Responsibility &#8211; Sustainability<\/p>\n[\/vc_column_text][\/vc_column][\/vc_row][vc_row el_id=&#8221;leistungen&#8221;][vc_column]<h1 class=\"vcex-heading vcex-heading-plain vc_custom_1521648813427\" style=\"color:#00ace4;text-align:center;\"><span class=\"vcex-heading-inner clr\">Special Fields<\/span><\/h1><div class=\"vcex-spacing\" style=\"height:20px\"><\/div>[\/vc_column][\/vc_row][vc_row center_row=&#8221;yes&#8221; match_column_height=&#8221;yes&#8221; column_spacing=&#8221;0px&#8221; css=&#8221;.vc_custom_1493819072893{margin-bottom: 30px !important;}&#8221; el_class=&#8221;wpex-small-col&#8221;][vc_column width=&#8221;1\/4&#8243; el_class=&#8221;vc_col-sm-6 vc_col-lg-3&#8243;]<a href=\"https:\/\/tbwresearch.org\/en\/fachbereiche\/neue-mobilitaet\/\" title=\"New Mobility\" class=\"vcex-icon-box clr vcex-icon-box-two vcex-icon-box-link-wrap aligncenter same-height vc_custom_1530713902333\" id=\"fb-neue-mobilitaet\"><div class=\"vcex-icon-box-icon no-padding\" style=\"color:#00ace4;font-size:32px;height:45px;line-height:45px;\"><span class=\"entypo-icon entypo-icon-address\"><\/span><\/div><h2 class=\"vcex-icon-box-heading\" style=\"color:#00ace4;font-size:1em;\">New Mobility<\/h2><div class=\"vcex-icon-box-content clr\" style=\"font-size:13px;\"><\/div><\/a>[\/vc_column][vc_column width=&#8221;1\/4&#8243; el_class=&#8221;vc_col-sm-6 vc_col-lg-3&#8243;]<a href=\"https:\/\/tbwresearch.org\/en\/fachbereiche\/energie-bioressourcen\/\" title=\"Energy &amp; Renewable Resources\" class=\"vcex-icon-box clr vcex-icon-box-two vcex-icon-box-link-wrap aligncenter same-height vc_custom_1530713929103\" id=\"fb-energie\"><div class=\"vcex-icon-box-icon no-padding\" style=\"color:#00ace4;font-size:32px;height:45px;line-height:45px;\"><span class=\"entypo-icon entypo-icon-arrows-ccw\"><\/span><\/div><h2 class=\"vcex-icon-box-heading\" style=\"color:#00ace4;font-size:1em;\">Energy & Renewable Resources<\/h2><div class=\"vcex-icon-box-content clr\" style=\"font-size:13px;\"><\/div><\/a>[\/vc_column][vc_column width=&#8221;1\/4&#8243; el_class=&#8221;vc_col-sm-6 vc_col-lg-3&#8243;]<a href=\"https:\/\/tbwresearch.org\/en\/fachbereiche\/flussbau\/\" title=\"River Engineering\" class=\"vcex-icon-box clr vcex-icon-box-two vcex-icon-box-link-wrap aligncenter same-height vc_custom_1530713937945\" id=\"fb-flussbau\"><div class=\"vcex-icon-box-icon no-padding\" style=\"color:#00ace4;font-size:32px;height:45px;line-height:45px;\"><span class=\"entypo-icon entypo-icon-air\"><\/span><\/div><h2 class=\"vcex-icon-box-heading\" style=\"color:#00ace4;font-size:1em;\">River Engineering<\/h2><div class=\"vcex-icon-box-content clr\" style=\"font-size:13px;\"><\/div><\/a>[\/vc_column][vc_column width=&#8221;1\/4&#8243; el_class=&#8221;vc_col-sm-6 vc_col-lg-3&#8243;]<a href=\"https:\/\/tbwresearch.org\/en\/fachbereiche\/innovation-bauen\/\" title=\"Innovation &amp; Construction\" class=\"vcex-icon-box clr vcex-icon-box-two vcex-icon-box-link-wrap aligncenter same-height vc_custom_1530713947232\" id=\"fb-innovation\"><div class=\"vcex-icon-box-icon no-padding\" style=\"color:#00ace4;font-size:32px;height:45px;line-height:45px;\"><span class=\"entypo-icon entypo-icon-docs\"><\/span><\/div><h2 class=\"vcex-icon-box-heading\" style=\"color:#00ace4;font-size:1em;\">Innovation & Construction<\/h2><div class=\"vcex-icon-box-content clr\" style=\"font-size:13px;\"><\/div><\/a>[\/vc_column][\/vc_row][vc_row full_width=&#8221;stretch_row&#8221; tablet_fullwidth_cols=&#8221;yes&#8221; css=&#8221;.vc_custom_1476221676211{margin-bottom: 40px !important;border-bottom-width: 1px !important;background-color: #f5f5f5 !important;border-bottom-color: #dddddd !important;border-bottom-style: solid !important;}&#8221;][vc_column]<h1 class=\"vcex-heading vcex-heading-plain\" style=\"color:#00ace4;text-align:center;\"><span class=\"vcex-heading-inner clr\">Insight into our projects<\/span><\/h1><div class=\"vcex-post-type-grid-wrap wpex-clr container center-row clr\"><div class=\"wpex-row vcex-post-type-grid entries wpex-clr gap-20 match-height-grid\" data-transition-duration=\"0.0\"><div class=\"vcex-post-type-entry clr col span_1_of_3 col-1 entry type-portfolio has-media cat-27 cat-71 cat-31 cat-26\"><div class=\"vcex-post-type-entry-inner entry-inner vcex-clr\"><div class=\"vcex-post-type-entry-media entry-media wpex-clr\"><table class=\"project-thumb-container\"><tr><td><a href=\"https:\/\/tbwresearch.org\/en\/projekt\/spot\/\" title=\"SPOT\"><img loading=\"lazy\" decoding=\"async\" src=\"https:\/\/tbwresearch.org\/wp-content\/uploads\/2025\/06\/SPOT-Logo-e1749817883366.png\" width=\"1123\" height=\"1080\" alt=\"SPOT\" \/><\/a><\/td><\/tr><\/table><\/div><div class=\"vcex-post-type-entry-details entry-details wpex-clr\"><div class=\"match-height-content\"><h3 class=\"vcex-post-type-entry-title entry-title\" ><a href=\"https:\/\/tbwresearch.org\/en\/projekt\/spot\/\" title=\"SPOT\">SPOT<\/a><\/h3 ><div class=\"vcex-post-type-entry-excerpt clr\">Smartes Stellplatz-Optimierungstool<br\/><br\/><\/div><div class=\"vcex-post-type-entry-readmore-wrap clr\"><a href=\"https:\/\/tbwresearch.org\/en\/projekt\/spot\/\" title=\"read more\" rel=\"bookmark\" class=\"theme-button\" >read more<\/a><\/div><\/div><\/div><\/div><\/div><div class=\"vcex-post-type-entry clr col span_1_of_3 col-2 entry type-portfolio has-media cat-32 cat-65 cat-63 cat-106 cat-62 cat-34 cat-26\"><div class=\"vcex-post-type-entry-inner entry-inner vcex-clr\"><div class=\"vcex-post-type-entry-media entry-media wpex-clr\"><table class=\"project-thumb-container\"><tr><td><a href=\"https:\/\/tbwresearch.org\/en\/projekt\/q2neb\/\" title=\"Q2NEB\"><img loading=\"lazy\" decoding=\"async\" src=\"https:\/\/tbwresearch.org\/wp-content\/uploads\/2025\/03\/250331_Q2NEB_Logo_Vorabzug_2.png\" width=\"282\" height=\"282\" alt=\"Q2NEB\" \/><\/a><\/td><\/tr><\/table><\/div><div class=\"vcex-post-type-entry-details entry-details wpex-clr\"><div class=\"match-height-content\"><h3 class=\"vcex-post-type-entry-title entry-title\" ><a href=\"https:\/\/tbwresearch.org\/en\/projekt\/q2neb\/\" title=\"Q2NEB\">Q2NEB<\/a><\/h3 ><div class=\"vcex-post-type-entry-excerpt clr\">Qualifizierungsnetzwerk f\u00fcr die Transformation von Quartieren nach Kriterien des New European Bauhaus.<br\/><br\/><\/div><div class=\"vcex-post-type-entry-readmore-wrap clr\"><a href=\"https:\/\/tbwresearch.org\/en\/projekt\/q2neb\/\" title=\"read more\" rel=\"bookmark\" class=\"theme-button\" >read more<\/a><\/div><\/div><\/div><\/div><\/div><div class=\"vcex-post-type-entry clr col span_1_of_3 col-3 entry type-portfolio has-media cat-63 cat-106 cat-30 cat-26\"><div class=\"vcex-post-type-entry-inner entry-inner vcex-clr\"><div class=\"vcex-post-type-entry-media entry-media wpex-clr\"><table class=\"project-thumb-container\"><tr><td><a href=\"https:\/\/tbwresearch.org\/en\/projekt\/reuse-2\/\" title=\"REUSE\"><img loading=\"lazy\" decoding=\"async\" src=\"https:\/\/tbwresearch.org\/wp-content\/uploads\/2025\/02\/REUSE_logo_ok.png\" width=\"350\" height=\"100\" alt=\"REUSE\" \/><\/a><\/td><\/tr><\/table><\/div><div class=\"vcex-post-type-entry-details entry-details wpex-clr\"><div class=\"match-height-content\"><h3 class=\"vcex-post-type-entry-title entry-title\" ><a href=\"https:\/\/tbwresearch.org\/en\/projekt\/reuse-2\/\" title=\"REUSE\">REUSE<\/a><\/h3 ><div class=\"vcex-post-type-entry-excerpt clr\">REUSE hat sich das Ziel gesetzt, die Technologien zur Kohlenstoffabscheidung und -nutzung (CCU) zu revolutionieren...<br\/><br\/><\/div><div class=\"vcex-post-type-entry-readmore-wrap clr\"><a href=\"https:\/\/tbwresearch.org\/en\/projekt\/reuse-2\/\" title=\"read more\" rel=\"bookmark\" class=\"theme-button\" >read more<\/a><\/div><\/div><\/div><\/div><\/div><div class=\"vcex-post-type-entry clr col span_1_of_3 col-1 entry type-portfolio has-media cat-63 cat-106 cat-30 cat-26\"><div class=\"vcex-post-type-entry-inner entry-inner vcex-clr\"><div class=\"vcex-post-type-entry-media entry-media wpex-clr\"><table class=\"project-thumb-container\"><tr><td><a href=\"https:\/\/tbwresearch.org\/en\/projekt\/agreenew\/\" title=\"AGreeNew\"><img loading=\"lazy\" decoding=\"async\" src=\"https:\/\/tbwresearch.org\/wp-content\/uploads\/2025\/02\/AGreeNew.png\" width=\"424\" height=\"75\" alt=\"AGreeNew\" \/><\/a><\/td><\/tr><\/table><\/div><div class=\"vcex-post-type-entry-details entry-details wpex-clr\"><div class=\"match-height-content\"><h3 class=\"vcex-post-type-entry-title entry-title\" ><a href=\"https:\/\/tbwresearch.org\/en\/projekt\/agreenew\/\" title=\"AGreeNew\">AGreeNew<\/a><\/h3 ><div class=\"vcex-post-type-entry-excerpt clr\">Die Transformation hin zur Kreislaufwirtschaft er\u00f6ffnet bedeutende Chancen f\u00fcr die regionale Wirtschaft in \u00d6sterreich. In...<br\/><br\/><\/div><div class=\"vcex-post-type-entry-readmore-wrap clr\"><a href=\"https:\/\/tbwresearch.org\/en\/projekt\/agreenew\/\" title=\"read more\" rel=\"bookmark\" class=\"theme-button\" >read more<\/a><\/div><\/div><\/div><\/div><\/div><div class=\"vcex-post-type-entry clr col span_1_of_3 col-2 entry type-portfolio has-media cat-29 cat-28 cat-71 cat-34 cat-26\"><div class=\"vcex-post-type-entry-inner entry-inner vcex-clr\"><div class=\"vcex-post-type-entry-media entry-media wpex-clr\"><table class=\"project-thumb-container\"><tr><td><a href=\"https:\/\/tbwresearch.org\/en\/projekt\/elindra\/\" title=\"ELINDRA\"><img loading=\"lazy\" decoding=\"async\" src=\"https:\/\/tbwresearch.org\/wp-content\/uploads\/2025\/02\/ELINDRA_Logo-small.png\" width=\"1334\" height=\"582\" alt=\"ELINDRA\" \/><\/a><\/td><\/tr><\/table><\/div><div class=\"vcex-post-type-entry-details entry-details wpex-clr\"><div class=\"match-height-content\"><h3 class=\"vcex-post-type-entry-title entry-title\" ><a href=\"https:\/\/tbwresearch.org\/en\/projekt\/elindra\/\" title=\"ELINDRA\">ELINDRA<\/a><\/h3 ><div class=\"vcex-post-type-entry-excerpt clr\">Elektrisches inklusives Lastendreiradsystem<br\/><br\/><\/div><div class=\"vcex-post-type-entry-readmore-wrap clr\"><a href=\"https:\/\/tbwresearch.org\/en\/projekt\/elindra\/\" title=\"read more\" rel=\"bookmark\" class=\"theme-button\" >read more<\/a><\/div><\/div><\/div><\/div><\/div><div class=\"vcex-post-type-entry clr col span_1_of_3 col-3 entry type-portfolio has-media cat-63 cat-106 cat-30 cat-26\"><div class=\"vcex-post-type-entry-inner entry-inner vcex-clr\"><div class=\"vcex-post-type-entry-media entry-media wpex-clr\"><table class=\"project-thumb-container\"><tr><td><a href=\"https:\/\/tbwresearch.org\/en\/projekt\/farm4more\/\" title=\"Farm4More\"><img loading=\"lazy\" decoding=\"async\" src=\"https:\/\/tbwresearch.org\/wp-content\/uploads\/2025\/03\/Farm4More-LOGO-FINAL-VERSION-scaled-e1575543522675.jpg\" width=\"900\" height=\"354\" alt=\"Farm4More\" \/><\/a><\/td><\/tr><\/table><\/div><div class=\"vcex-post-type-entry-details entry-details wpex-clr\"><div class=\"match-height-content\"><h3 class=\"vcex-post-type-entry-title entry-title\" ><a href=\"https:\/\/tbwresearch.org\/en\/projekt\/farm4more\/\" title=\"Farm4More\">Farm4More<\/a><\/h3 ><div class=\"vcex-post-type-entry-excerpt clr\">LIFE farm4more ist ein vierj\u00e4hriges agrarwissenschaftliches Pilotprojekt, dessen Ma\u00dfnahmen eine Vielzahl klima- und agrarpolitischer Vorgaben...<br\/><br\/><\/div><div class=\"vcex-post-type-entry-readmore-wrap clr\"><a href=\"https:\/\/tbwresearch.org\/en\/projekt\/farm4more\/\" title=\"read more\" rel=\"bookmark\" class=\"theme-button\" >read more<\/a><\/div><\/div><\/div><\/div><\/div><\/div><\/div><div class=\"textcenter theme-button-wrap clr\"><a href=\"\/en\/kategorie\/referenzen\/\" class=\"vcex-button theme-button align-center animate-on-hover\" title=\"Projects\" style=\"background:#00ace4;font-size:1.7em;\" ><span class=\"theme-button-inner\">Projects<\/span><\/a><\/div> <div class=\"vcex-spacing\" style=\"height:40px\"><\/div>[\/vc_column][\/vc_row][vc_row disable_element=&#8221;yes&#8221; center_row=&#8221;yes&#8221; bg_style=&#8221;stretch&#8221; el_class=&#8221;is-striped&#8221; css=&#8221;.vc_custom_1523269603457{padding-top: 60px !important;padding-bottom: 0px !important;}&#8221;][vc_column margin_bottom=&#8221;0px&#8221;][vc_column_text]\n<p style=\"text-align: center;\"><span style=\"font-size: 24px; font-family: Lato;\">Nehmen Sie mit uns Kontakt auf!<br \/>\n<\/span><\/p>\n[\/vc_column_text]<div class=\"vcex-spacing\" style=\"height:40px\"><\/div><div class=\"vc_custom_1493804945735 wpex-clr\"><div class=\"textcenter theme-button-wrap clr\"><a href=\"https:\/\/tbwresearch.wh-i.at\/kontakt\" class=\"vcex-button theme-button align-center animate-on-hover\" title=\"Visit Site\" style=\"background:#00ace4;font-size:1.7em;\" ><span class=\"theme-button-inner\">Kontakt<\/span><\/a><\/div><\/div> [\/vc_column][\/vc_row]\n","protected":false},"excerpt":{"rendered":"<p>[vc_row][vc_column][rev_slider_vc alias=&#8221;slider-1-en&#8221;][\/vc_column][\/vc_row][vc_row center_row=&#8221;yes&#8221; css=&#8221;.vc_custom_1475676608711{margin-top: 20px !important;margin-bottom: 20px !important;}&#8221;][vc_column][vc_column_text] the better way research &#8211; research and innovation are showing the way As a non-profit company, tbw research focuses on research and consulting in transport &#038; mobility, energy &#038; bioresources, water and&hellip;<\/p>\n","protected":false},"author":7,"featured_media":0,"parent":0,"menu_order":0,"comment_status":"closed","ping_status":"closed","template":"","meta":{"_acf_changed":false,"footnotes":""},"class_list":["post-43","page","type-page","status-publish","hentry","entry","has-media"],"acf":[],"yoast_head":"<!-- This site is optimized with the Yoast SEO plugin v26.2 - https:\/\/yoast.com\/wordpress\/plugins\/seo\/ -->\n<title>Home - tbw research.<\/title>\n<meta name=\"robots\" content=\"index, follow, max-snippet:-1, max-image-preview:large, max-video-preview:-1\" \/>\n<link rel=\"canonical\" href=\"https:\/\/tbwresearch.org\/\" \/>\n<meta property=\"og:locale\" content=\"en_US\" \/>\n<meta property=\"og:type\" content=\"article\" \/>\n<meta property=\"og:title\" content=\"Home\" \/>\n<meta property=\"og:description\" content=\"[vc_row][vc_column][rev_slider_vc alias=&#8221;slider-1-en&#8221;][\/vc_column][\/vc_row][vc_row center_row=&#8221;yes&#8221; css=&#8221;.vc_custom_1475676608711{margin-top: 20px !important;margin-bottom: 20px !important;}&#8221;][vc_column][vc_column_text] the better way research &#8211; research and innovation are showing the way As a non-profit company, tbw research focuses on research and consulting in transport &amp; mobility, energy &amp; bioresources, water and&hellip;\" \/>\n<meta property=\"og:url\" content=\"https:\/\/tbwresearch.org\/\" \/>\n<meta property=\"og:site_name\" content=\"tbw research.\" \/>\n<meta property=\"article:modified_time\" content=\"2024-01-16T10:15:11+00:00\" \/>\n<meta name=\"twitter:card\" content=\"summary_large_image\" \/>\n<meta name=\"twitter:label1\" content=\"Est. reading time\" \/>\n\t<meta name=\"twitter:data1\" content=\"2 minutes\" \/>\n<script type=\"application\/ld+json\" class=\"yoast-schema-graph\">{\"@context\":\"https:\/\/schema.org\",\"@graph\":[{\"@type\":\"WebPage\",\"@id\":\"https:\/\/tbwresearch.org\/\",\"url\":\"https:\/\/tbwresearch.org\/\",\"name\":\"[:en]Home[:de]Home[:] - tbw research.\",\"isPartOf\":{\"@id\":\"https:\/\/tbwresearch.org\/#website\"},\"datePublished\":\"2015-01-16T22:02:10+00:00\",\"dateModified\":\"2024-01-16T10:15:11+00:00\",\"breadcrumb\":{\"@id\":\"https:\/\/tbwresearch.org\/#breadcrumb\"},\"inLanguage\":\"en-US\",\"potentialAction\":[{\"@type\":\"ReadAction\",\"target\":[\"https:\/\/tbwresearch.org\/\"]}]},{\"@type\":\"BreadcrumbList\",\"@id\":\"https:\/\/tbwresearch.org\/#breadcrumb\",\"itemListElement\":[{\"@type\":\"ListItem\",\"position\":1,\"name\":\"Startseite\",\"item\":\"https:\/\/tbwresearch.org\/\"},{\"@type\":\"ListItem\",\"position\":2,\"name\":\"Home\"}]},{\"@type\":\"WebSite\",\"@id\":\"https:\/\/tbwresearch.org\/#website\",\"url\":\"https:\/\/tbwresearch.org\/\",\"name\":\"tbw research.\",\"description\":\"the better way research\",\"potentialAction\":[{\"@type\":\"SearchAction\",\"target\":{\"@type\":\"EntryPoint\",\"urlTemplate\":\"https:\/\/tbwresearch.org\/?s={search_term_string}\"},\"query-input\":{\"@type\":\"PropertyValueSpecification\",\"valueRequired\":true,\"valueName\":\"search_term_string\"}}],\"inLanguage\":\"en-US\"}]}<\/script>\n<!-- \/ Yoast SEO plugin. -->","yoast_head_json":{"title":"Home - tbw research.","robots":{"index":"index","follow":"follow","max-snippet":"max-snippet:-1","max-image-preview":"max-image-preview:large","max-video-preview":"max-video-preview:-1"},"canonical":"https:\/\/tbwresearch.org\/","og_locale":"en_US","og_type":"article","og_title":"[:en]Home[:de]Home[:] - tbw research.","og_description":"[vc_row][vc_column][rev_slider_vc alias=&#8221;slider-1-en&#8221;][\/vc_column][\/vc_row][vc_row center_row=&#8221;yes&#8221; css=&#8221;.vc_custom_1475676608711{margin-top: 20px !important;margin-bottom: 20px !important;}&#8221;][vc_column][vc_column_text] the better way research &#8211; research and innovation are showing the way As a non-profit company, tbw research focuses on research and consulting in transport &#038; mobility, energy &#038; bioresources, water and&hellip;","og_url":"https:\/\/tbwresearch.org\/","og_site_name":"tbw research.","article_modified_time":"2024-01-16T10:15:11+00:00","twitter_card":"summary_large_image","twitter_misc":{"Est. reading time":"2 minutes"},"schema":{"@context":"https:\/\/schema.org","@graph":[{"@type":"WebPage","@id":"https:\/\/tbwresearch.org\/","url":"https:\/\/tbwresearch.org\/","name":"[:en]Home[:de]Home[:] - tbw research.","isPartOf":{"@id":"https:\/\/tbwresearch.org\/#website"},"datePublished":"2015-01-16T22:02:10+00:00","dateModified":"2024-01-16T10:15:11+00:00","breadcrumb":{"@id":"https:\/\/tbwresearch.org\/#breadcrumb"},"inLanguage":"en-US","potentialAction":[{"@type":"ReadAction","target":["https:\/\/tbwresearch.org\/"]}]},{"@type":"BreadcrumbList","@id":"https:\/\/tbwresearch.org\/#breadcrumb","itemListElement":[{"@type":"ListItem","position":1,"name":"Startseite","item":"https:\/\/tbwresearch.org\/"},{"@type":"ListItem","position":2,"name":"Home"}]},{"@type":"WebSite","@id":"https:\/\/tbwresearch.org\/#website","url":"https:\/\/tbwresearch.org\/","name":"tbw research.","description":"the better way research","potentialAction":[{"@type":"SearchAction","target":{"@type":"EntryPoint","urlTemplate":"https:\/\/tbwresearch.org\/?s={search_term_string}"},"query-input":{"@type":"PropertyValueSpecification","valueRequired":true,"valueName":"search_term_string"}}],"inLanguage":"en-US"}]}},"_links":{"self":[{"href":"https:\/\/tbwresearch.org\/en\/wp-json\/wp\/v2\/pages\/43","targetHints":{"allow":["GET"]}}],"collection":[{"href":"https:\/\/tbwresearch.org\/en\/wp-json\/wp\/v2\/pages"}],"about":[{"href":"https:\/\/tbwresearch.org\/en\/wp-json\/wp\/v2\/types\/page"}],"author":[{"embeddable":true,"href":"https:\/\/tbwresearch.org\/en\/wp-json\/wp\/v2\/users\/7"}],"replies":[{"embeddable":true,"href":"https:\/\/tbwresearch.org\/en\/wp-json\/wp\/v2\/comments?post=43"}],"version-history":[{"count":107,"href":"https:\/\/tbwresearch.org\/en\/wp-json\/wp\/v2\/pages\/43\/revisions"}],"predecessor-version":[{"id":5949,"href":"https:\/\/tbwresearch.org\/en\/wp-json\/wp\/v2\/pages\/43\/revisions\/5949"}],"wp:attachment":[{"href":"https:\/\/tbwresearch.org\/en\/wp-json\/wp\/v2\/media?parent=43"}],"curies":[{"name":"wp","href":"https:\/\/api.w.org\/{rel}","templated":true}]}}